{"id":1,"date":"2019-03-25T09:55:29","date_gmt":"2019-03-25T09:55:29","guid":{"rendered":"https:\/\/mademoisellealice.com\/?p=1"},"modified":"2025-09-15T19:52:56","modified_gmt":"2025-09-15T19:52:56","slug":"home","status":"publish","type":"page","link":"https:\/\/www.mademoisellealice.com\/","title":{"rendered":"ACCUEIL"},"content":{"rendered":"<ul>\n<li>\n<p>        <img decoding=\"async\" src=\"\/wp-content\/uploads\/2025\/09\/DSC03750-scaled.jpg\" alt=\"\"><\/p>\n<\/li>\n<li>\n<p>        <img decoding=\"async\" src=\"\/wp-content\/uploads\/2025\/09\/DSC03800-scaled.jpg\" alt=\"\"><\/p>\n<\/li>\n<\/ul>\n<ul>\n<li>\n<p>        <img decoding=\"async\" src=\"\/wp-content\/uploads\/2025\/09\/DSC03750-scaled.jpg\" alt=\"\"><\/p>\n<h2>DSC03750<\/h2>\n<\/li>\n<li>\n<p>        <img decoding=\"async\" src=\"\/wp-content\/uploads\/2025\/09\/DSC03800-scaled.jpg\" alt=\"\"><\/p>\n<\/li>\n<\/ul>\n<h2>Premier single disponible<\/h2>\n<p><img decoding=\"async\" src=\"\/wp-content\/uploads\/2025\/09\/ICEBERG1.png\" alt=\"\"><\/p>\n<div>Sur toutes les plateformes<\/div>\n<h1>bio<\/h1>\n<div>\n<p>Mademoiselle Alice est compositrice, autrice et interpr\u00e8te.<br \/>Son parcours musical d\u00e9bute d\u00e8s l\u2019\u00e2ge de 10 ans, avec le violon comme premier compagnon de route. Dipl\u00f4m\u00e9e d\u2019une licence en Musique et Musicologie, elle allie ma\u00eetrise technique et sensibilit\u00e9 artistique pour cr\u00e9er un univers singulier, \u00e0 la crois\u00e9e des \u00e9motions et des mots.<\/p>\n<p>En mars 2024, elle remporte Le Micro d\u2019Or \u00e0 Tours, une reconnaissance qui marque une \u00e9tape importante dans son aventure musicale. Elle se produit r\u00e9guli\u00e8rement en solo lors d\u2019\u00e9v\u00e9nements publics et priv\u00e9s, avec une attention particuli\u00e8re pour les actions solidaires \u2014 comme la Rando Muco, en Bretagne, \u00e0 laquelle elle participe avec c\u0153ur.<\/p>\n<p>Pour plonger dans son univers et d\u00e9couvrir ses cr\u00e9ations, ses mots et ses m\u00e9lodies :<\/p>\n<\/div>\n<p><p>\n        <a href=\"https:\/\/www.mademoisellealice.com\/?page_id=6\">&#8211; UNIVERS &#8211; <\/a>\n    <\/p>\n<\/p>\n<p><img decoding=\"async\" src=\"\/wp-content\/uploads\/2025\/09\/DSC03773-scaled.jpg\" alt=\"\"><\/p>\n<hr>\n<div>\n<p>                    <video src=\"\/wp-content\/uploads\/2025\/08\/Enregistrement-2025-08-19-185638.mp4\"><\/video><\/p>\n<p><a href=\"https:\/\/www.mademoisellealice.com\/?page_id=2318\">D\u00e9couvrir Mademoiselle Alice en concert<\/a><\/p>\n<\/div>\n<h1>LARSN&rsquo;Co.<\/h1>\n<div>\n<p>Parall\u00e8lement \u00e0 son projet personnel, Mademoielle Alice est \u00e9galement membre du groupe LARSN\u2019Co., formation rock \u00e9nergique sp\u00e9cialis\u00e9e dans les reprises, o\u00f9 elle explore une autre facette de la sc\u00e8ne.<\/p>\n<\/div>\n<p><p>\n        <a href=\"https:\/\/www.instagram.com\/lars_n_co\/\">Larsn&rsquo;co. sur<\/a>\n    <\/p>\n<\/p>\n<p><!--more--><br \/>\n<!-- {\"type\":\"layout\",\"children\":[{\"type\":\"section\",\"props\":{\"header_transparent\":false,\"header_transparent_noplaceholder\":true,\"header_transparent_text_color\":\"dark\",\"image_position\":\"center-center\",\"padding\":\"none\",\"preserve_color\":false,\"style\":\"primary\",\"title_breakpoint\":\"xl\",\"title_position\":\"top-left\",\"title_rotation\":\"left\",\"vertical_align\":\"\",\"width\":\"\"},\"children\":[{\"type\":\"row\",\"children\":[{\"type\":\"column\",\"props\":{\"image_position\":\"center-center\",\"position_sticky_breakpoint\":\"m\",\"text_color\":\"light\",\"width_medium\":\"1-1\"},\"children\":[{\"type\":\"image\",\"props\":{\"blend\":false,\"class\":\"uk-visible@m\",\"height_expand\":true,\"image\":\"wp-content\\\/uploads\\\/2025\\\/08\\\/sketch1756587490818.svg\",\"image_height\":650,\"image_svg_animate\":true,\"image_svg_color\":\"\",\"image_svg_inline\":true,\"image_viewport_height\":true,\"margin\":\"default\",\"position\":\"absolute\",\"position_bottom\":\"0\",\"position_left\":\"17%\",\"position_z_index\":\"3\",\"status\":\"disabled\",\"text_color\":\"light\"},\"name\":\"Titre\"},{\"type\":\"slideshow\",\"props\":{\"animation\":\"parallax\",\"blend\":false,\"class\":\"uk-visible@m\",\"content_expand\":false,\"content_margin\":\"large\",\"content_style\":\"text-lead\",\"css\":\"@media (max-width: 640px) {\\n    .el-meta {\\n        display: none;\\n    }\\n}\\n\\n.el-item { --uk-inverse: dark !important; }\",\"height_expand\":false,\"image_loading\":true,\"image_width\":\"1840\",\"link_margin\":\"xlarge\",\"link_size\":\"large\",\"link_style\":\"secondary\",\"link_text\":\"Read more\",\"margin\":\"remove-vertical\",\"meta_align\":\"below-title\",\"meta_element\":\"div\",\"meta_margin\":\"small\",\"meta_style\":\"h4\",\"nav\":\"\",\"nav_align\":\"center\",\"nav_below\":false,\"nav_breakpoint\":\"s\",\"nav_hover\":false,\"nav_position\":\"bottom-center\",\"nav_position_margin\":\"medium\",\"nav_vertical\":false,\"overlay_animation\":\"parallax\",\"overlay_container\":\"default\",\"overlay_position\":\"bottom-center\",\"parallax_easing\":\"1\",\"show_content\":true,\"show_link\":true,\"show_meta\":true,\"show_thumbnail\":true,\"show_title\":false,\"slidenav\":\"\",\"slidenav_breakpoint\":\"s\",\"slidenav_margin\":\"medium\",\"slidenav_outside_breakpoint\":\"xl\",\"slideshow_animation\":\"fade\",\"slideshow_autoplay\":true,\"slideshow_autoplay_interval\":\"5\",\"slideshow_autoplay_pause\":true,\"slideshow_height\":\"viewport\",\"slideshow_height_offset_top\":true,\"slideshow_height_viewport\":100,\"slideshow_max_height\":\"930\",\"slideshow_min_height\":\"650\",\"slideshow_parallax\":false,\"text_align\":\"center\",\"text_color\":\"light\",\"thumbnav_height\":\"75\",\"thumbnav_svg_color\":\"emphasis\",\"thumbnav_width\":\"100\",\"title_element\":\"h2\",\"title_hover_style\":\"reset\",\"title_style\":\"heading-large\"},\"children\":[{\"type\":\"slideshow_item\",\"props\":{\"content\":\"\",\"image\":\"wp-content\\\/uploads\\\/2025\\\/09\\\/DSC03750-scaled.jpg\",\"meta\":\"\",\"title\":\"\"}},{\"type\":\"slideshow_item\",\"props\":{\"content\":\"\",\"image\":\"wp-content\\\/uploads\\\/2025\\\/09\\\/DSC03800-scaled.jpg\",\"title\":\"\"}}]},{\"type\":\"image\",\"props\":{\"blend\":true,\"class\":\"uk-hidden@m\",\"height_expand\":true,\"image\":\"wp-content\\\/uploads\\\/2025\\\/08\\\/sketch1756587490818.svg\",\"image_svg_animate\":true,\"image_svg_color\":\"danger\",\"image_svg_inline\":true,\"image_viewport_height\":true,\"image_width\":750,\"margin\":\"default\",\"position\":\"absolute\",\"position_bottom\":\"50\",\"position_left\":\"0\",\"position_z_index\":\"3\",\"status\":\"disabled\",\"text_color\":\"light\"},\"name\":\"Titre mobile\"},{\"type\":\"slideshow\",\"props\":{\"animation\":\"parallax\",\"blend\":false,\"class\":\"uk-hidden@m\",\"content_expand\":false,\"content_margin\":\"large\",\"content_style\":\"text-lead\",\"css\":\"@media (max-width: 640px) {\\n    .el-meta {\\n        display: none;\\n    }\\n}\\n\\n.el-item { --uk-inverse: dark !important; }\",\"height_expand\":false,\"image_loading\":true,\"image_width\":800,\"link_margin\":\"xlarge\",\"link_size\":\"large\",\"link_style\":\"secondary\",\"link_text\":\"Read more\",\"margin\":\"remove-vertical\",\"meta_align\":\"below-title\",\"meta_element\":\"div\",\"meta_margin\":\"small\",\"meta_style\":\"h4\",\"nav\":\"\",\"nav_align\":\"center\",\"nav_below\":false,\"nav_breakpoint\":\"s\",\"nav_hover\":false,\"nav_position\":\"bottom-center\",\"nav_position_margin\":\"medium\",\"nav_vertical\":false,\"overlay_animation\":\"parallax\",\"overlay_container\":\"default\",\"overlay_position\":\"bottom-center\",\"parallax_easing\":\"1\",\"show_content\":true,\"show_link\":true,\"show_meta\":true,\"show_thumbnail\":true,\"show_title\":false,\"slidenav\":\"\",\"slidenav_breakpoint\":\"s\",\"slidenav_margin\":\"medium\",\"slidenav_outside_breakpoint\":\"xl\",\"slideshow_animation\":\"fade\",\"slideshow_autoplay\":true,\"slideshow_autoplay_interval\":\"5\",\"slideshow_autoplay_pause\":true,\"slideshow_height\":\"section\",\"slideshow_height_offset_top\":true,\"slideshow_height_viewport\":100,\"slideshow_max_height\":\"700\",\"slideshow_min_height\":\"550\",\"slideshow_parallax\":false,\"text_align\":\"center\",\"text_color\":\"light\",\"thumbnav_height\":\"75\",\"thumbnav_svg_color\":\"emphasis\",\"thumbnav_width\":\"100\",\"title_element\":\"h2\",\"title_hover_style\":\"reset\",\"title_style\":\"heading-large\"},\"children\":[{\"type\":\"slideshow_item\",\"props\":{\"image\":\"wp-content\\\/uploads\\\/2025\\\/09\\\/DSC03750-scaled.jpg\",\"title\":\"DSC03750\"}},{\"type\":\"slideshow_item\",\"props\":{\"image\":\"wp-content\\\/uploads\\\/2025\\\/09\\\/DSC03800-scaled.jpg\"}}],\"name\":\"Slideshow mobile\"}]}]}],\"name\":\"HAut de la page\"},{\"type\":\"section\",\"props\":{\"image_position\":\"center-center\",\"style\":\"default\",\"title_breakpoint\":\"xl\",\"title_position\":\"top-left\",\"title_rotation\":\"left\",\"vertical_align\":\"middle\",\"width\":\"default\"},\"children\":[{\"type\":\"row\",\"children\":[{\"type\":\"column\",\"props\":{\"image_position\":\"center-center\",\"position_sticky_breakpoint\":\"m\"},\"children\":[{\"type\":\"headline\",\"props\":{\"content\":\"Premier single disponible\",\"text_align\":\"center\",\"title_color\":\"danger\",\"title_element\":\"h2\"}},{\"type\":\"image\",\"props\":{\"image\":\"wp-content\\\/uploads\\\/2025\\\/09\\\/ICEBERG1.png\",\"image_border\":\"rounded\",\"image_box_shadow\":\"xlarge\",\"image_svg_color\":\"emphasis\",\"image_width\":200,\"margin\":\"default\",\"text_align\":\"center\",\"text_color\":\"light\"}},{\"type\":\"text\",\"props\":{\"column_breakpoint\":\"m\",\"content\":\"Sur toutes les plateformes\",\"dropcap\":false,\"margin\":\"default\",\"text_align\":\"center\",\"text_color\":\"danger\"}}]}]}]},{\"type\":\"section\",\"props\":{\"image_position\":\"center-center\",\"style\":\"default\",\"title_breakpoint\":\"xl\",\"title_position\":\"top-left\",\"title_rotation\":\"left\",\"vertical_align\":\"middle\",\"width\":\"default\"},\"children\":[{\"type\":\"row\",\"children\":[{\"type\":\"column\",\"props\":{\"image_position\":\"center-center\",\"position_sticky_breakpoint\":\"m\",\"width_medium\":\"1-2\"},\"children\":[{\"type\":\"headline\",\"props\":{\"content\":\"bio\",\"title_element\":\"h1\"}},{\"type\":\"text\",\"props\":{\"column_breakpoint\":\"m\",\"content\":\"\n\n<p>Mademoiselle Alice est compositrice, autrice et interpr\\u00e8te.<br \\\/>Son parcours musical d\\u00e9bute d\\u00e8s l\\u2019\\u00e2ge de 10 ans, avec le violon comme premier compagnon de route. Dipl\\u00f4m\\u00e9e d\\u2019une licence en Musique et Musicologie, elle allie ma\\u00eetrise technique et sensibilit\\u00e9 artistique pour cr\\u00e9er un univers singulier, \\u00e0 la crois\\u00e9e des \\u00e9motions et des mots.<\\\/p>\\n\n\n<p>En mars 2024, elle remporte Le Micro d\\u2019Or \\u00e0 Tours, une reconnaissance qui marque une \\u00e9tape importante dans son aventure musicale. Elle se produit r\\u00e9guli\\u00e8rement en solo lors d\\u2019\\u00e9v\\u00e9nements publics et priv\\u00e9s, avec une attention particuli\\u00e8re pour les actions solidaires \\u2014 comme la Rando Muco, en Bretagne, \\u00e0 laquelle elle participe avec c\\u0153ur.<\\\/p>\\n\n\n<p>Pour plonger dans son univers et d\\u00e9couvrir ses cr\\u00e9ations, ses mots et ses m\\u00e9lodies :<\\\/p>\",\"dropcap\":false,\"margin\":\"default\",\"text_align\":\"justify\"}},{\"type\":\"button\",\"props\":{\"grid_column_gap\":\"small\",\"grid_row_gap\":\"small\",\"margin\":\"default\"},\"children\":[{\"type\":\"button_item\",\"props\":{\"button_style\":\"secondary\",\"content\":\"- UNIVERS - \",\"dialog_layout\":\"modal\",\"dialog_offcanvas_flip\":true,\"icon_align\":\"left\",\"link\":\"https:\\\/\\\/www.mademoisellealice.com\\\/?page_id=6\"}}]}]},{\"type\":\"column\",\"props\":{\"image_position\":\"center-center\",\"position_sticky_breakpoint\":\"m\",\"width_medium\":\"1-2\"},\"children\":[{\"type\":\"image\",\"props\":{\"container_padding_remove\":false,\"image\":\"wp-content\\\/uploads\\\/2025\\\/09\\\/DSC03773-scaled.jpg\",\"image_height\":600,\"image_svg_color\":\"emphasis\",\"margin\":\"default\",\"position\":\"relative\",\"position_left\":\"130\",\"visibility\":\"l\"}}]}],\"props\":{\"layout\":\"1-2,1-2\"}},{\"type\":\"row\",\"children\":[{\"type\":\"column\",\"props\":{\"image_position\":\"center-center\",\"position_sticky_breakpoint\":\"m\"},\"children\":[{\"type\":\"divider\",\"props\":{\"divider_element\":\"hr\",\"divider_style\":\"icon\"}}]}]}]},{\"type\":\"section\",\"props\":{\"image_position\":\"center-center\",\"style\":\"secondary\",\"title_breakpoint\":\"xl\",\"title_position\":\"top-left\",\"title_rotation\":\"left\",\"vertical_align\":\"middle\",\"width\":\"default\"},\"children\":[{\"type\":\"row\",\"children\":[{\"type\":\"column\",\"props\":{\"image_position\":\"center-center\",\"position_sticky_breakpoint\":\"m\"},\"children\":[{\"type\":\"overlay\",\"props\":{\"link\":\"https:\\\/\\\/www.mademoisellealice.com\\\/?page_id=2318\",\"link_style\":\"default\",\"link_text\":\"D\\u00e9couvrir Mademoiselle Alice en concert\",\"margin\":\"default\",\"meta_align\":\"below-title\",\"meta_element\":\"div\",\"meta_style\":\"text-meta\",\"overlay_hover\":true,\"overlay_mode\":\"cover\",\"overlay_position\":\"center\",\"overlay_style\":\"overlay-primary\",\"overlay_transition\":\"fade\",\"text_align\":\"center\",\"text_color\":\"light\",\"title\":\"\",\"title_element\":\"h3\",\"title_hover_style\":\"reset\",\"video\":\"wp-content\\\/uploads\\\/2025\\\/08\\\/Enregistrement-2025-08-19-185638.mp4\"}},{\"type\":\"headline\",\"props\":{\"content\":\"LARSN'Co.\",\"text_align\":\"center\",\"title_element\":\"h1\"}},{\"type\":\"text\",\"props\":{\"column_breakpoint\":\"m\",\"content\":\"\n\n<p>Parall\\u00e8lement \\u00e0 son projet personnel, Mademoielle Alice est \\u00e9galement membre du groupe LARSN\\u2019Co., formation rock \\u00e9nergique sp\\u00e9cialis\\u00e9e dans les reprises, o\\u00f9 elle explore une autre facette de la sc\\u00e8ne.<\\\/p>\",\"margin\":\"default\",\"text_align\":\"center\"}},{\"type\":\"button\",\"props\":{\"fullwidth\":false,\"grid_column_gap\":\"small\",\"grid_row_gap\":\"small\",\"margin\":\"default\",\"text_align\":\"center\"},\"children\":[{\"type\":\"button_item\",\"props\":{\"button_style\":\"default\",\"content\":\"Larsn'co. sur\",\"dialog_layout\":\"modal\",\"dialog_offcanvas_flip\":true,\"icon\":\"instagram\",\"icon_align\":\"right\",\"link\":\"https:\\\/\\\/www.instagram.com\\\/lars_n_co\\\/\",\"link_target\":\"blank\"}}]}]}]}]}],\"version\":\"4.5.25\"} --><\/p>\n","protected":false},"excerpt":{"rendered":"<p>DSC03750 Premier single disponible Sur toutes les plateformes bio Mademoiselle Alice est compositrice, autrice et interpr\u00e8te.Son parcours musical d\u00e9bute d\u00e8s l\u2019\u00e2ge de 10 ans, avec le violon comme premier compagnon de route. Dipl\u00f4m\u00e9e d\u2019une licence en Musique et Musicologie, elle allie ma\u00eetrise technique et sensibilit\u00e9 artistique pour cr\u00e9er un univers singulier, \u00e0 la crois\u00e9e des [&hellip;]<\/p>\n","protected":false},"author":1,"featured_media":0,"parent":0,"menu_order":1,"comment_status":"closed","ping_status":"closed","template":"","meta":{"_acf_changed":false,"footnotes":""},"class_list":["post-1","page","type-page","status-publish","hentry"],"acf":[],"_links":{"self":[{"href":"https:\/\/www.mademoisellealice.com\/index.php?rest_route=\/wp\/v2\/pages\/1","targetHints":{"allow":["GET"]}}],"collection":[{"href":"https:\/\/www.mademoisellealice.com\/index.php?rest_route=\/wp\/v2\/pages"}],"about":[{"href":"https:\/\/www.mademoisellealice.com\/index.php?rest_route=\/wp\/v2\/types\/page"}],"author":[{"embeddable":true,"href":"https:\/\/www.mademoisellealice.com\/index.php?rest_route=\/wp\/v2\/users\/1"}],"replies":[{"embeddable":true,"href":"https:\/\/www.mademoisellealice.com\/index.php?rest_route=%2Fwp%2Fv2%2Fcomments&post=1"}],"version-history":[{"count":94,"href":"https:\/\/www.mademoisellealice.com\/index.php?rest_route=\/wp\/v2\/pages\/1\/revisions"}],"predecessor-version":[{"id":2723,"href":"https:\/\/www.mademoisellealice.com\/index.php?rest_route=\/wp\/v2\/pages\/1\/revisions\/2723"}],"wp:attachment":[{"href":"https:\/\/www.mademoisellealice.com\/index.php?rest_route=%2Fwp%2Fv2%2Fmedia&parent=1"}],"curies":[{"name":"wp","href":"https:\/\/api.w.org\/{rel}","templated":true}]}}